{"id":3575,"date":"2024-07-11T17:10:02","date_gmt":"2024-07-11T17:10:02","guid":{"rendered":"https:\/\/mwanza.de\/wps\/?page_id=3575"},"modified":"2024-07-11T17:10:04","modified_gmt":"2024-07-11T17:10:04","slug":"habari","status":"publish","type":"page","link":"http:\/\/mwanza.de\/wps\/sw\/habari\/","title":{"rendered":"Habari"},"content":{"rendered":"<div  data-slideshow-options=\"{&quot;animation&quot;:&quot;fade&quot;,&quot;autoplay&quot;:false,&quot;loop_autoplay&quot;:&quot;once&quot;,&quot;interval&quot;:5,&quot;loop_manual&quot;:&quot;manual-endless&quot;,&quot;autoplay_stopper&quot;:false,&quot;noNavigation&quot;:false,&quot;show_slide_delay&quot;:90}\" class='avia-content-slider avia-content-grid-active avia-content-slider1 avia-content-slider-even  avia-builder-el-0  avia-builder-el-no-sibling  av-slideshow-ui av-control-default   av-no-slider-navigation av-slideshow-manual av-loop-once av-loop-manual-endless '  itemscope=\"itemscope\" itemtype=\"https:\/\/schema.org\/Blog\" ><div class=\"avia-content-slider-inner\"><div class=\"slide-entry-wrap\"><article class='slide-entry flex_column  post-entry post-entry-5256 slide-entry-overview slide-loop-1 slide-parity-odd  av_one_half first real-thumbnail posttype-post post-format-standard'  itemscope=\"itemscope\" itemtype=\"https:\/\/schema.org\/CreativeWork\" ><a href='http:\/\/mwanza.de\/wps\/beeindruckender-mwanza-besuch-durch-wuerzburger-gruppe\/' data-rel='slide-1' class='slide-image' title='Beeindruckender Mwanza-Besuch durch W\u00fcrzburger Gruppe'><img decoding=\"async\" fetchpriority=\"high\" width=\"495\" height=\"400\" src=\"http:\/\/mwanza.de\/wps\/wp-content\/uploads\/2026\/04\/kl-Montessori-Zentrum-Materialien-Laden-Andrea-Steiner-495x400.jpg\" class=\"wp-image-5270 avia-img-lazy-loading-not-5270 attachment-portfolio size-portfolio wp-post-image\" alt=\"\" \/><\/a><div class=\"slide-content\"><header class=\"entry-content-header\"><h3 class='slide-entry-title entry-title '  itemprop=\"headline\" ><a href='http:\/\/mwanza.de\/wps\/beeindruckender-mwanza-besuch-durch-wuerzburger-gruppe\/' title='Beeindruckender Mwanza-Besuch durch W\u00fcrzburger Gruppe'>Beeindruckender Mwanza-Besuch durch W\u00fcrzburger Gruppe<\/a><\/h3><span class=\"av-vertical-delimiter\"><\/span><\/header><div class=\"slide-meta\"><time class='slide-meta-time updated'  itemprop=\"datePublished\" datetime=\"2026-04-15T21:56:31+00:00\" >April 15, 2026<\/time><\/div><div class='slide-entry-excerpt entry-content'  itemprop=\"text\" >Als kr\u00f6nenden Abschluss des 25-j\u00e4hrigen Vereinsbestehens des\u2026<div class=\"read-more-link\"><a href=\"http:\/\/mwanza.de\/wps\/beeindruckender-mwanza-besuch-durch-wuerzburger-gruppe\/\" class=\"more-link\">Read more<span class=\"more-link-arrow\"><\/span><\/a><\/div><\/div><\/div><footer class=\"entry-footer\"><\/footer><span class='hidden'>\n\t\t\t\t<span class='av-structured-data'  itemprop=\"image\" itemscope=\"itemscope\" itemtype=\"https:\/\/schema.org\/ImageObject\" >\n\t\t\t\t\t\t<span itemprop='url'>http:\/\/mwanza.de\/wps\/wp-content\/uploads\/2026\/04\/kl-Montessori-Zentrum-Materialien-Laden-Andrea-Steiner.jpg<\/span>\n\t\t\t\t\t\t<span itemprop='height'>576<\/span>\n\t\t\t\t\t\t<span itemprop='width'>864<\/span>\n\t\t\t\t<\/span>\n\t\t\t\t<span class='av-structured-data'  itemprop=\"publisher\" itemtype=\"https:\/\/schema.org\/Organization\" itemscope=\"itemscope\" >\n\t\t\t\t\t\t<span itemprop='name'>adminwp<\/span>\n\t\t\t\t\t\t<span itemprop='logo' itemscope itemtype='https:\/\/schema.org\/ImageObject'>\n\t\t\t\t\t\t\t<span itemprop='url'>http:\/\/mwanza.de\/wps\/wp-content\/uploads\/2024\/08\/logo-mwanza-wuerzburg-neu-1-1030x149.png<\/span>\n\t\t\t\t\t\t<\/span>\n\t\t\t\t<\/span><span class='av-structured-data'  itemprop=\"author\" itemscope=\"itemscope\" itemtype=\"https:\/\/schema.org\/Person\" ><span itemprop='name'>adminwp<\/span><\/span><span class='av-structured-data'  itemprop=\"datePublished\" datetime=\"2024-07-11T17:10:02+00:00\" >2026-04-15 21:56:31<\/span><span class='av-structured-data'  itemprop=\"dateModified\" itemtype=\"https:\/\/schema.org\/dateModified\" >2026-04-15 21:56:31<\/span><span class='av-structured-data'  itemprop=\"mainEntityOfPage\" itemtype=\"https:\/\/schema.org\/mainEntityOfPage\" ><span itemprop='name'>Beeindruckender Mwanza-Besuch durch W\u00fcrzburger Gruppe<\/span><\/span><\/span><\/article><article class='slide-entry flex_column  post-entry post-entry-5244 slide-entry-overview slide-loop-2 slide-parity-even  av_one_half  real-thumbnail posttype-post post-format-standard'  itemscope=\"itemscope\" itemtype=\"https:\/\/schema.org\/CreativeWork\" ><a href='http:\/\/mwanza.de\/wps\/zoom-am-14-april-um-1830-uhr-rueckblick-auf-den-besuch-in-tansania-mwanza\/' data-rel='slide-1' class='slide-image' title='Zoom am 14. April um 18:30 Uhr \u2013 R\u00fcckblick auf den Besuch in Tansania, Mwanza'><img decoding=\"async\" fetchpriority=\"high\" width=\"495\" height=\"400\" src=\"http:\/\/mwanza.de\/wps\/wp-content\/uploads\/2026\/04\/Bismarck-Rock-495x400.jpg\" class=\"wp-image-5245 avia-img-lazy-loading-not-5245 attachment-portfolio size-portfolio wp-post-image\" alt=\"\" \/><\/a><div class=\"slide-content\"><header class=\"entry-content-header\"><h3 class='slide-entry-title entry-title '  itemprop=\"headline\" ><a href='http:\/\/mwanza.de\/wps\/zoom-am-14-april-um-1830-uhr-rueckblick-auf-den-besuch-in-tansania-mwanza\/' title='Zoom am 14. April um 18:30 Uhr \u2013 R\u00fcckblick auf den Besuch in Tansania, Mwanza'>Zoom am 14. April um 18:30 Uhr \u2013 R\u00fcckblick auf den Besuch in Tansania, Mwanza<\/a><\/h3><span class=\"av-vertical-delimiter\"><\/span><\/header><div class=\"slide-meta\"><time class='slide-meta-time updated'  itemprop=\"datePublished\" datetime=\"2026-04-10T05:13:26+00:00\" >April 10, 2026<\/time><\/div><div class='slide-entry-excerpt entry-content'  itemprop=\"text\" >Liebe an Mwanza Interessierte!\r\nIm Februar waren wir zu 13. in\u2026<div class=\"read-more-link\"><a href=\"http:\/\/mwanza.de\/wps\/zoom-am-14-april-um-1830-uhr-rueckblick-auf-den-besuch-in-tansania-mwanza\/\" class=\"more-link\">Read more<span class=\"more-link-arrow\"><\/span><\/a><\/div><\/div><\/div><footer class=\"entry-footer\"><\/footer><span class='hidden'>\n\t\t\t\t<span class='av-structured-data'  itemprop=\"image\" itemscope=\"itemscope\" itemtype=\"https:\/\/schema.org\/ImageObject\" >\n\t\t\t\t\t\t<span itemprop='url'>http:\/\/mwanza.de\/wps\/wp-content\/uploads\/2026\/04\/Bismarck-Rock.jpg<\/span>\n\t\t\t\t\t\t<span itemprop='height'>441<\/span>\n\t\t\t\t\t\t<span itemprop='width'>750<\/span>\n\t\t\t\t<\/span>\n\t\t\t\t<span class='av-structured-data'  itemprop=\"publisher\" itemtype=\"https:\/\/schema.org\/Organization\" itemscope=\"itemscope\" >\n\t\t\t\t\t\t<span itemprop='name'>adminwp<\/span>\n\t\t\t\t\t\t<span itemprop='logo' itemscope itemtype='https:\/\/schema.org\/ImageObject'>\n\t\t\t\t\t\t\t<span itemprop='url'>http:\/\/mwanza.de\/wps\/wp-content\/uploads\/2024\/08\/logo-mwanza-wuerzburg-neu-1-1030x149.png<\/span>\n\t\t\t\t\t\t<\/span>\n\t\t\t\t<\/span><span class='av-structured-data'  itemprop=\"author\" itemscope=\"itemscope\" itemtype=\"https:\/\/schema.org\/Person\" ><span itemprop='name'>adminwp<\/span><\/span><span class='av-structured-data'  itemprop=\"datePublished\" datetime=\"2024-07-11T17:10:02+00:00\" >2026-04-10 05:13:26<\/span><span class='av-structured-data'  itemprop=\"dateModified\" itemtype=\"https:\/\/schema.org\/dateModified\" >2026-04-10 05:13:26<\/span><span class='av-structured-data'  itemprop=\"mainEntityOfPage\" itemtype=\"https:\/\/schema.org\/mainEntityOfPage\" ><span itemprop='name'>Zoom am 14. April um 18:30 Uhr \u2013 R\u00fcckblick auf den Besuch in Tansania, Mwanza<\/span><\/span><\/span><\/article><\/div><div class=\"slide-entry-wrap\"><article class='slide-entry flex_column  post-entry post-entry-5197 slide-entry-overview slide-loop-3 slide-parity-odd  av_one_half first real-thumbnail posttype-post post-format-standard'  itemscope=\"itemscope\" itemtype=\"https:\/\/schema.org\/CreativeWork\" ><a href='http:\/\/mwanza.de\/wps\/interaktiver-vortrag-antirassistische-oeffentlichkeitsarbeit-fuer-in-afrika-taetige-ngos-vereine\/' data-rel='slide-1' class='slide-image' title='Interaktiver Vortrag: \u201eAntirassistische \u00d6ffentlichkeitsarbeit f\u00fcr in Afrika t\u00e4tige NGOs &#038; Vereine\u201c'><img decoding=\"async\" fetchpriority=\"high\" width=\"495\" height=\"400\" src=\"http:\/\/mwanza.de\/wps\/wp-content\/uploads\/2026\/03\/Vortrag-24.03.2026-495x400.jpg\" class=\"wp-image-5198 avia-img-lazy-loading-not-5198 attachment-portfolio size-portfolio wp-post-image\" alt=\"\" srcset=\"http:\/\/mwanza.de\/wps\/wp-content\/uploads\/2026\/03\/Vortrag-24.03.2026-495x400.jpg 495w, http:\/\/mwanza.de\/wps\/wp-content\/uploads\/2026\/03\/Vortrag-24.03.2026-845x684.jpg 845w\" sizes=\"(max-width: 495px) 100vw, 495px\" \/><\/a><div class=\"slide-content\"><header class=\"entry-content-header\"><h3 class='slide-entry-title entry-title '  itemprop=\"headline\" ><a href='http:\/\/mwanza.de\/wps\/interaktiver-vortrag-antirassistische-oeffentlichkeitsarbeit-fuer-in-afrika-taetige-ngos-vereine\/' title='Interaktiver Vortrag: \u201eAntirassistische \u00d6ffentlichkeitsarbeit f\u00fcr in Afrika t\u00e4tige NGOs &#038; Vereine\u201c'>Interaktiver Vortrag: \u201eAntirassistische \u00d6ffentlichkeitsarbeit f\u00fcr in Afrika t\u00e4tige NGOs &#038; Vereine\u201c<\/a><\/h3><span class=\"av-vertical-delimiter\"><\/span><\/header><div class=\"slide-meta\"><time class='slide-meta-time updated'  itemprop=\"datePublished\" datetime=\"2026-03-17T21:59:16+00:00\" >March 17, 2026<\/time><\/div><div class='slide-entry-excerpt entry-content'  itemprop=\"text\" >W\u00fcrzburg ist seit 60 Jahren mit Mwanza in Tansania partnerschaftlich\u2026<div class=\"read-more-link\"><a href=\"http:\/\/mwanza.de\/wps\/interaktiver-vortrag-antirassistische-oeffentlichkeitsarbeit-fuer-in-afrika-taetige-ngos-vereine\/\" class=\"more-link\">Read more<span class=\"more-link-arrow\"><\/span><\/a><\/div><\/div><\/div><footer class=\"entry-footer\"><\/footer><span class='hidden'>\n\t\t\t\t<span class='av-structured-data'  itemprop=\"image\" itemscope=\"itemscope\" itemtype=\"https:\/\/schema.org\/ImageObject\" >\n\t\t\t\t\t\t<span itemprop='url'>http:\/\/mwanza.de\/wps\/wp-content\/uploads\/2026\/03\/Vortrag-24.03.2026.jpg<\/span>\n\t\t\t\t\t\t<span itemprop='height'>2000<\/span>\n\t\t\t\t\t\t<span itemprop='width'>1414<\/span>\n\t\t\t\t<\/span>\n\t\t\t\t<span class='av-structured-data'  itemprop=\"publisher\" itemtype=\"https:\/\/schema.org\/Organization\" itemscope=\"itemscope\" >\n\t\t\t\t\t\t<span itemprop='name'>adminwp<\/span>\n\t\t\t\t\t\t<span itemprop='logo' itemscope itemtype='https:\/\/schema.org\/ImageObject'>\n\t\t\t\t\t\t\t<span itemprop='url'>http:\/\/mwanza.de\/wps\/wp-content\/uploads\/2024\/08\/logo-mwanza-wuerzburg-neu-1-1030x149.png<\/span>\n\t\t\t\t\t\t<\/span>\n\t\t\t\t<\/span><span class='av-structured-data'  itemprop=\"author\" itemscope=\"itemscope\" itemtype=\"https:\/\/schema.org\/Person\" ><span itemprop='name'>adminwp<\/span><\/span><span class='av-structured-data'  itemprop=\"datePublished\" datetime=\"2024-07-11T17:10:02+00:00\" >2026-03-17 21:59:16<\/span><span class='av-structured-data'  itemprop=\"dateModified\" itemtype=\"https:\/\/schema.org\/dateModified\" >2026-03-17 22:02:01<\/span><span class='av-structured-data'  itemprop=\"mainEntityOfPage\" itemtype=\"https:\/\/schema.org\/mainEntityOfPage\" ><span itemprop='name'>Interaktiver Vortrag: \u201eAntirassistische \u00d6ffentlichkeitsarbeit f\u00fcr in Afrika t\u00e4tige NGOs &#038; Vereine\u201c<\/span><\/span><\/span><\/article><article class='slide-entry flex_column  post-entry post-entry-5078 slide-entry-overview slide-loop-4 slide-parity-even  post-entry-last  av_one_half  real-thumbnail posttype-post post-format-standard'  itemscope=\"itemscope\" itemtype=\"https:\/\/schema.org\/CreativeWork\" ><a href='http:\/\/mwanza.de\/wps\/informations-und-diskussionsabend-zur-politischen-und-gesellschaftlichen-entwicklung-in-tansania\/' data-rel='slide-1' class='slide-image' title='Informations- und Diskussionsabend zur politischen und gesellschaftlichen Entwicklung in Tansania'><img decoding=\"async\" fetchpriority=\"high\" width=\"495\" height=\"400\" src=\"http:\/\/mwanza.de\/wps\/wp-content\/uploads\/2026\/01\/Quo-Vadis-Tansania_insta-495x400.jpeg\" class=\"wp-image-5079 avia-img-lazy-loading-not-5079 attachment-portfolio size-portfolio wp-post-image\" alt=\"\" srcset=\"http:\/\/mwanza.de\/wps\/wp-content\/uploads\/2026\/01\/Quo-Vadis-Tansania_insta-495x400.jpeg 495w, http:\/\/mwanza.de\/wps\/wp-content\/uploads\/2026\/01\/Quo-Vadis-Tansania_insta-845x684.jpeg 845w\" sizes=\"(max-width: 495px) 100vw, 495px\" \/><\/a><div class=\"slide-content\"><header class=\"entry-content-header\"><h3 class='slide-entry-title entry-title '  itemprop=\"headline\" ><a href='http:\/\/mwanza.de\/wps\/informations-und-diskussionsabend-zur-politischen-und-gesellschaftlichen-entwicklung-in-tansania\/' title='Informations- und Diskussionsabend zur politischen und gesellschaftlichen Entwicklung in Tansania'>Informations- und Diskussionsabend zur politischen und gesellschaftlichen Entwicklung in Tansania<\/a><\/h3><span class=\"av-vertical-delimiter\"><\/span><\/header><div class=\"slide-meta\"><time class='slide-meta-time updated'  itemprop=\"datePublished\" datetime=\"2026-01-16T10:23:45+00:00\" >January 16, 2026<\/time><\/div><div class='slide-entry-excerpt entry-content'  itemprop=\"text\" ><div class=\"read-more-link\"><a href=\"http:\/\/mwanza.de\/wps\/informations-und-diskussionsabend-zur-politischen-und-gesellschaftlichen-entwicklung-in-tansania\/\" class=\"more-link\">Read more<span class=\"more-link-arrow\"><\/span><\/a><\/div><\/div><\/div><footer class=\"entry-footer\"><\/footer><span class='hidden'>\n\t\t\t\t<span class='av-structured-data'  itemprop=\"image\" itemscope=\"itemscope\" itemtype=\"https:\/\/schema.org\/ImageObject\" >\n\t\t\t\t\t\t<span itemprop='url'>http:\/\/mwanza.de\/wps\/wp-content\/uploads\/2026\/01\/Quo-Vadis-Tansania_insta.jpeg<\/span>\n\t\t\t\t\t\t<span itemprop='height'>1350<\/span>\n\t\t\t\t\t\t<span itemprop='width'>1080<\/span>\n\t\t\t\t<\/span>\n\t\t\t\t<span class='av-structured-data'  itemprop=\"publisher\" itemtype=\"https:\/\/schema.org\/Organization\" itemscope=\"itemscope\" >\n\t\t\t\t\t\t<span itemprop='name'>adminwp<\/span>\n\t\t\t\t\t\t<span itemprop='logo' itemscope itemtype='https:\/\/schema.org\/ImageObject'>\n\t\t\t\t\t\t\t<span itemprop='url'>http:\/\/mwanza.de\/wps\/wp-content\/uploads\/2024\/08\/logo-mwanza-wuerzburg-neu-1-1030x149.png<\/span>\n\t\t\t\t\t\t<\/span>\n\t\t\t\t<\/span><span class='av-structured-data'  itemprop=\"author\" itemscope=\"itemscope\" itemtype=\"https:\/\/schema.org\/Person\" ><span itemprop='name'>adminwp<\/span><\/span><span class='av-structured-data'  itemprop=\"datePublished\" datetime=\"2024-07-11T17:10:02+00:00\" >2026-01-16 10:23:45<\/span><span class='av-structured-data'  itemprop=\"dateModified\" itemtype=\"https:\/\/schema.org\/dateModified\" >2026-03-17 22:04:52<\/span><span class='av-structured-data'  itemprop=\"mainEntityOfPage\" itemtype=\"https:\/\/schema.org\/mainEntityOfPage\" ><span itemprop='name'>Informations- und Diskussionsabend zur politischen und gesellschaftlichen Entwicklung in Tansania<\/span><\/span><\/span><\/article><\/div><\/div><div class='pagination-wrap pagination-slider'><nav class='pagination'><span class='pagination-meta'>Page 1 of 8<\/span><span class='current'>1<\/span><a href='http:\/\/mwanza.de\/wps\/wp-json\/wp\/v2\/pages\/3575\/?avia-element-paging=2' class='inactive next_page' >2<\/a><a href='http:\/\/mwanza.de\/wps\/wp-json\/wp\/v2\/pages\/3575\/?avia-element-paging=3' class='inactive' >3<\/a><a href='http:\/\/mwanza.de\/wps\/wp-json\/wp\/v2\/pages\/3575\/?avia-element-paging=2'>&rsaquo;<\/a><a href='http:\/\/mwanza.de\/wps\/wp-json\/wp\/v2\/pages\/3575\/?avia-element-paging=8'>&raquo;<\/a><\/nav>\n<\/div><\/div>\n","protected":false},"excerpt":{"rendered":"","protected":false},"author":1,"featured_media":0,"parent":0,"menu_order":0,"comment_status":"closed","ping_status":"closed","template":"","meta":{"footnotes":""},"class_list":["post-3575","page","type-page","status-publish","hentry"],"_links":{"self":[{"href":"http:\/\/mwanza.de\/wps\/wp-json\/wp\/v2\/pages\/3575","targetHints":{"allow":["GET"]}}],"collection":[{"href":"http:\/\/mwanza.de\/wps\/wp-json\/wp\/v2\/pages"}],"about":[{"href":"http:\/\/mwanza.de\/wps\/wp-json\/wp\/v2\/types\/page"}],"author":[{"embeddable":true,"href":"http:\/\/mwanza.de\/wps\/wp-json\/wp\/v2\/users\/1"}],"replies":[{"embeddable":true,"href":"http:\/\/mwanza.de\/wps\/wp-json\/wp\/v2\/comments?post=3575"}],"version-history":[{"count":1,"href":"http:\/\/mwanza.de\/wps\/wp-json\/wp\/v2\/pages\/3575\/revisions"}],"predecessor-version":[{"id":3576,"href":"http:\/\/mwanza.de\/wps\/wp-json\/wp\/v2\/pages\/3575\/revisions\/3576"}],"wp:attachment":[{"href":"http:\/\/mwanza.de\/wps\/wp-json\/wp\/v2\/media?parent=3575"}],"curies":[{"name":"wp","href":"https:\/\/api.w.org\/{rel}","templated":true}]}}