{"id":3267,"date":"2024-06-20T12:59:13","date_gmt":"2024-06-20T12:59:13","guid":{"rendered":"https:\/\/mwanza.de\/wps\/?page_id=3267"},"modified":"2024-11-14T14:06:49","modified_gmt":"2024-11-14T14:06:49","slug":"madchenforderung","status":"publish","type":"page","link":"http:\/\/mwanza.de\/wps\/madchenforderung\/","title":{"rendered":"M\u00e4dchenf\u00f6rderung"},"content":{"rendered":"<div  class='flex_column av-4xp3qb-3a9a32b33ef73e0c71e060fc5337e97f av_one_full  avia-builder-el-0  el_before_av_layerslider  avia-builder-el-no-sibling  first flex_column_div  '     ><section  class='av_textblock_section av-lxn9k2nj-819d46da8a1dc566c87bb63ca414a5b0 '   itemscope=\"itemscope\" itemtype=\"https:\/\/schema.org\/CreativeWork\" ><div class='avia_textblock'  itemprop=\"text\" ><h2 style=\"text-align: center;\">M\u00e4dchenf\u00f6rderung<\/h2>\n<\/div><\/section><\/div>\n<\/div><\/div><\/div><!-- close content main div --><\/div><\/div><div id='layer_slider_1'  class='avia-layerslider main_color avia-shadow  avia-builder-el-2  el_after_av_one_full  el_before_av_section  slider-not-first container_wrap sidebar_right'  style='height: 721px; max-width: 1280px; margin: 0 auto;'  ><\/div>\n<div id='av_section_1'  class='avia-section av-2qqt77-e3f3d51c6cb7b833decd67f4a5417a59 main_color avia-section-default avia-no-border-styling  avia-builder-el-3  el_after_av_layerslider  avia-builder-el-last  avia-bg-style-scroll container_wrap sidebar_right'  ><div class='container av-section-cont-open' ><div class='template-page content  av-content-small alpha units'><div class='post-entry post-entry-type-page post-entry-3267'><div class='entry-content-wrapper clearfix'>\n<section  class='av_textblock_section av-lxn8z5hs-f0b9191dd333b451a2f4e9f481d0ab66 '   itemscope=\"itemscope\" itemtype=\"https:\/\/schema.org\/CreativeWork\" ><div class='avia_textblock'  itemprop=\"text\" ><p>2002 brachte eine Stadtschulr\u00e4tin aus Mwanza das Projekt ins Rollen: Die benachteiligte Rolle der M\u00e4dchen auszugleichen. Wie bei uns fr\u00fcher werden vor allem den Jungen die besseren Ausbildungschancen geboten. \u201eM\u00e4dchen heiraten ja doch \u2026\u201c<\/p>\n<p>M\u00e4dchenbildung ist ein wirksames Instrument, um Armut zu bek\u00e4mpfen und die Lebensqualit\u00e4t zu verbessern. Durch Bildung werden M\u00e4dchen bef\u00e4higt, informierte Entscheidungen \u00fcber ihre Gesundheit, Familie und Zukunft zu treffen. M\u00e4dchen, die Zugang zu Bildung haben, neigen dazu, sp\u00e4ter im Leben ges\u00fcndere Entscheidungen zu treffen und eine bessere Gesundheitsversorgung zu erhalten. Dies tr\u00e4gt zur Reduzierung von Krankheiten und zur Verbesserung der Gesundheit von M\u00fcttern und Kindern bei. Die Einbeziehung von M\u00e4dchen in die Bildung und den Arbeitsmarkt st\u00e4rkt die Wirtschaft eines Landes. Bildung er\u00f6ffnet ihnen bessere berufliche<br \/>\nM\u00f6glichkeiten, was wiederum zu einer h\u00f6heren Produktivit\u00e4t und wirtschaftlichem Wachstum f\u00fchrt.<\/p>\n<p>Insgesamt ist die F\u00f6rderung von M\u00e4dchen in Tansania nicht nur eine Frage der Gerechtigkeit, sondern auch eine strategische Investition in die Zukunft des Landes. Durch die St\u00e4rkung von M\u00e4dchen k\u00f6nnen wir eine Welt schaffen, in der jeder die M\u00f6glichkeit hat, sein volles Potenzial auszusch\u00f6pfen.<\/p>\n<p>Deshalb unterst\u00fctzen wir die Sekundarschul-Ausbildung von M\u00e4dchen \u00fcber mehrere Institutionen in Mwanza:<\/p>\n<p><a href=\"https:\/\/mwanza.de\/wps\/viktoria-english-medium-school\/\">Viktoriaschule<\/a><br \/>\n<a href=\"https:\/\/mwanza.de\/wps\/montessori-schule\/\">Montessori-Zentrum<\/a><br \/>\n<a href=\"https:\/\/mwanza.de\/wps\/shaloom-care-house\/\">Shaloom Care House<\/a><\/p>\n<p>Am h\u00e4ufigsten wird bei uns das Modell einer vierj\u00e4hrigen Unterst\u00fctzung gew\u00e4hlt (Klassen 8 \u2013 11), die eine Kontinuit\u00e4t gew\u00e4hrleistet. Aber auch eine Einzelspende hilft weiter.<\/p>\n<p>Durch kontinuierliche R\u00fcckmeldungen und Berichte wird deutlich, welchen erheblichen Nutzen jede einzelne Unterst\u00fctzung f\u00fcr die M\u00e4dchen gebracht hat.<\/p>\n<\/div><\/section>\n<div  class='avia-button-wrap av-lxn92kc4-c0cb654340993186802372bc2546a28d-wrap avia-button-left  avia-builder-el-5  el_after_av_textblock  el_before_av_textblock '>\n<style type=\"text\/css\" data-created_by=\"avia_inline_auto\" id=\"style-css-av-lxn92kc4-c0cb654340993186802372bc2546a28d\">\n#top #wrap_all .avia-button.av-lxn92kc4-c0cb654340993186802372bc2546a28d{\nfont-size:16px;\ntransition:all 0.4s ease-in-out;\n}\n<\/style>\n<a href='http:\/\/mwanza.de\/wps\/wp-content\/uploads\/2022\/11\/Flyer-Maedchenfoerderung.pdf'  class='avia-button av-lxn92kc4-c0cb654340993186802372bc2546a28d av-download-btn noLightbox avia-icon_select-no avia-size-large avia-position-left avia-color-theme-color' download ><span class='avia_iconbox_title' >Download Flyer<\/span><\/a><\/div>\n<section  class='av_textblock_section av-lxn946dn-6c49b0fd7ff77956d27822f6bc2f69a3 '   itemscope=\"itemscope\" itemtype=\"https:\/\/schema.org\/CreativeWork\" ><div class='avia_textblock'  itemprop=\"text\" ><p>Zur Fortf\u00fchrung dieser Initiative ben\u00f6tigen wir Unterst\u00fctzung, spenden Sie mit dem Stichwort \u201eM\u00e4dchenf\u00f6rderung\u201c.<\/p>\n<\/div><\/section>\n<div  class='avia-button-wrap av-2coc6b-83f8b7a68b2861993b12fdc5badb8f43-wrap avia-button-left  avia-builder-el-7  el_after_av_textblock  el_before_av_hr '>\n<style type=\"text\/css\" data-created_by=\"avia_inline_auto\" id=\"style-css-av-2coc6b-83f8b7a68b2861993b12fdc5badb8f43\">\n#top #wrap_all .avia-button.av-2coc6b-83f8b7a68b2861993b12fdc5badb8f43{\nfont-size:16px;\ntransition:all 0.4s ease-in-out;\n}\n<\/style>\n<a href='https:\/\/mwanza.de\/wps\/spenden\/'  class='avia-button av-2coc6b-83f8b7a68b2861993b12fdc5badb8f43 av-link-btn avia-icon_select-yes-left-icon avia-size-large avia-position-left avia-color-theme-color'  ><span class='avia_button_icon avia_button_icon_left' aria-hidden='true' data-av_icon='\ue807' data-av_iconfont='entypo-fontello'><\/span><span class='avia_iconbox_title' >Spenden<\/span><\/a><\/div>\n\n<style type=\"text\/css\" data-created_by=\"avia_inline_auto\" id=\"style-css-av-lxna85dw-93c68a3d2f4b8ee3f3ff0637cc7411d8\">\n#top .hr.hr-invisible.av-lxna85dw-93c68a3d2f4b8ee3f3ff0637cc7411d8{\nheight:25px;\n}\n<\/style>\n<div  class='hr av-lxna85dw-93c68a3d2f4b8ee3f3ff0637cc7411d8 hr-invisible  avia-builder-el-8  el_after_av_button  el_before_av_button '><span class='hr-inner '><span class=\"hr-inner-style\"><\/span><\/span><\/div>\n<div  class='avia-button-wrap av-lxn9651x-6a7a6c260fe900e03e1089cd66d90d06-wrap avia-button-left  avia-builder-el-9  el_after_av_hr  avia-builder-el-last '>\n<style type=\"text\/css\" data-created_by=\"avia_inline_auto\" id=\"style-css-av-lxn9651x-6a7a6c260fe900e03e1089cd66d90d06\">\n#top #wrap_all .avia-button.av-lxn9651x-6a7a6c260fe900e03e1089cd66d90d06{\nfont-size:16px;\ntransition:all 0.4s ease-in-out;\n}\n<\/style>\n<a href='https:\/\/mwanza.de\/wps\/download\/unterstutzungs-erklarung-madchenforderung-2023\/'  class='avia-button av-lxn9651x-6a7a6c260fe900e03e1089cd66d90d06 av-link-btn avia-icon_select-no avia-size-large avia-position-left avia-color-theme-color'  ><span class='avia_iconbox_title' >F\u00f6rdervertrag<\/span><\/a><\/div>\n<\/div><\/div><\/div><!-- close content main div --><\/div><\/div><div id='after_section_1'  class='main_color av_default_container_wrap container_wrap sidebar_right'  ><div class='container av-section-cont-open' ><div class='template-page content  av-content-small alpha units'><div class='post-entry post-entry-type-page post-entry-3267'><div class='entry-content-wrapper clearfix'>\n","protected":false},"excerpt":{"rendered":"","protected":false},"author":1,"featured_media":0,"parent":0,"menu_order":0,"comment_status":"closed","ping_status":"closed","template":"","meta":{"footnotes":""},"class_list":["post-3267","page","type-page","status-publish","hentry"],"_links":{"self":[{"href":"http:\/\/mwanza.de\/wps\/wp-json\/wp\/v2\/pages\/3267","targetHints":{"allow":["GET"]}}],"collection":[{"href":"http:\/\/mwanza.de\/wps\/wp-json\/wp\/v2\/pages"}],"about":[{"href":"http:\/\/mwanza.de\/wps\/wp-json\/wp\/v2\/types\/page"}],"author":[{"embeddable":true,"href":"http:\/\/mwanza.de\/wps\/wp-json\/wp\/v2\/users\/1"}],"replies":[{"embeddable":true,"href":"http:\/\/mwanza.de\/wps\/wp-json\/wp\/v2\/comments?post=3267"}],"version-history":[{"count":19,"href":"http:\/\/mwanza.de\/wps\/wp-json\/wp\/v2\/pages\/3267\/revisions"}],"predecessor-version":[{"id":3938,"href":"http:\/\/mwanza.de\/wps\/wp-json\/wp\/v2\/pages\/3267\/revisions\/3938"}],"wp:attachment":[{"href":"http:\/\/mwanza.de\/wps\/wp-json\/wp\/v2\/media?parent=3267"}],"curies":[{"name":"wp","href":"https:\/\/api.w.org\/{rel}","templated":true}]}}